{"id":94,"date":"2020-04-05T13:04:03","date_gmt":"2020-04-05T13:04:03","guid":{"rendered":"http:\/\/jana-scheerer.de\/?page_id=94"},"modified":"2024-01-15T09:06:54","modified_gmt":"2024-01-15T09:06:54","slug":"impressum","status":"publish","type":"page","link":"https:\/\/jana-scheerer.de\/?page_id=94","title":{"rendered":"Impressum"},"content":{"rendered":"\n<p>Jana Scheerer<br>c\/o Graf &amp; Graf Literatur- &amp; Medienagentur, Mommsenstra\u00dfe 11, 10629 Berlin<\/p>\n\n\n\n<p><br><\/p>\n\n\n\n<p>Inhaltlich Verantwortliche gem\u00e4\u00df \u00a7 55 Abs. 2 RStV<br>Jana Scheerer (Adresse wie oben)<br>Haftungshinweis: Trotz sorgf\u00e4ltiger inhaltlicher Kontrolle \u00fcbernehme ich keine Haftung f\u00fcr die Inhalte externer Links.&nbsp;<br>F\u00fcr den Inhalt der verlinkten Seiten sind ausschlie\u00dflich deren Betreiber verantwortlich.<\/p>\n","protected":false},"excerpt":{"rendered":"<p>Jana Scheererc\/o Graf &amp; Graf Literatur- &amp; Medienagentur, Mommsenstra\u00dfe 11, 10629 Berlin Inhaltlich Verantwortliche gem\u00e4\u00df \u00a7 55 Abs. 2 RStVJana Scheerer (Adresse wie oben)Haftungshinweis: Trotz sorgf\u00e4ltiger inhaltlicher Kontrolle \u00fcbernehme ich keine Haftung f\u00fcr die Inhalte externer Links.&nbsp;F\u00fcr den Inhalt der verlinkten Seiten sind ausschlie\u00dflich deren &hellip; <\/p>\n","protected":false},"author":1,"featured_media":0,"parent":0,"menu_order":0,"comment_status":"closed","ping_status":"closed","template":"","meta":{"footnotes":"","_links_to":"","_links_to_target":""},"class_list":["post-94","page","type-page","status-publish","hentry"],"_links":{"self":[{"href":"https:\/\/jana-scheerer.de\/index.php?rest_route=\/wp\/v2\/pages\/94"}],"collection":[{"href":"https:\/\/jana-scheerer.de\/index.php?rest_route=\/wp\/v2\/pages"}],"about":[{"href":"https:\/\/jana-scheerer.de\/index.php?rest_route=\/wp\/v2\/types\/page"}],"author":[{"embeddable":true,"href":"https:\/\/jana-scheerer.de\/index.php?rest_route=\/wp\/v2\/users\/1"}],"replies":[{"embeddable":true,"href":"https:\/\/jana-scheerer.de\/index.php?rest_route=%2Fwp%2Fv2%2Fcomments&post=94"}],"version-history":[{"count":4,"href":"https:\/\/jana-scheerer.de\/index.php?rest_route=\/wp\/v2\/pages\/94\/revisions"}],"predecessor-version":[{"id":518,"href":"https:\/\/jana-scheerer.de\/index.php?rest_route=\/wp\/v2\/pages\/94\/revisions\/518"}],"wp:attachment":[{"href":"https:\/\/jana-scheerer.de\/index.php?rest_route=%2Fwp%2Fv2%2Fmedia&parent=94"}],"curies":[{"name":"wp","href":"https:\/\/api.w.org\/{rel}","templated":true}]}}