{"id":521,"date":"2024-03-20T17:00:20","date_gmt":"2024-03-20T17:00:20","guid":{"rendered":"https:\/\/jana-scheerer.de\/?page_id=521"},"modified":"2024-10-25T12:37:59","modified_gmt":"2024-10-25T12:37:59","slug":"die-rassistin","status":"publish","type":"page","link":"https:\/\/jana-scheerer.de\/?page_id=521","title":{"rendered":"Die Rassistin"},"content":{"rendered":"\n<div class=\"wp-block-media-text is-stacked-on-mobile\"><figure class=\"wp-block-media-text__media\"><img loading=\"lazy\" decoding=\"async\" width=\"624\" height=\"1024\" src=\"http:\/\/jana-scheerer.de\/wp-content\/uploads\/2024\/01\/IMG_0186-624x1024.jpg\" alt=\"\" class=\"wp-image-512 size-full\" srcset=\"https:\/\/jana-scheerer.de\/wp-content\/uploads\/2024\/01\/IMG_0186-624x1024.jpg 624w, https:\/\/jana-scheerer.de\/wp-content\/uploads\/2024\/01\/IMG_0186-183x300.jpg 183w, https:\/\/jana-scheerer.de\/wp-content\/uploads\/2024\/01\/IMG_0186-768x1260.jpg 768w, https:\/\/jana-scheerer.de\/wp-content\/uploads\/2024\/01\/IMG_0186-937x1536.jpg 937w, https:\/\/jana-scheerer.de\/wp-content\/uploads\/2024\/01\/IMG_0186-1249x2048.jpg 1249w, https:\/\/jana-scheerer.de\/wp-content\/uploads\/2024\/01\/IMG_0186.jpg 1495w\" sizes=\"(max-width: 624px) 100vw, 624px\" \/><\/figure><div class=\"wp-block-media-text__content\">\n<p><a href=\"https:\/\/darstellendekuenste.de\/hoerspiel-des-monats-jahres\">&#8222;Die Rassistin&#8220; ist H\u00f6rspiel des Monats der Deutschen Akademie der Darstellenden K\u00fcnste<\/a><\/p>\n\n\n\n<p><\/p>\n\n\n\n<p>Nora Rischer sitzt im Behandlungsstuhl einer Kinderwunschpraxis, als eine E-Mail sie erreicht: Rassistischer Vorfall an unserer Universit\u00e4t. Sie ist neugierig, vorauseilend emp\u00f6rt \u2013 und sie stutzt: Ist da etwa ihr eigenes Seminar in der Germanistik gemeint? Rischer ist ersch\u00fcttert. In ihrem Kopf werden kritische Stimmen laut, eine innere Anklage beginnt: Hat sie sich als Dozentin tats\u00e4chlich rassistisch verhalten? Soll sie sich entschuldigen? Und weshalb? Aus ehrlichem Schuldbewusstsein oder um sich zu retten? Wird sie gecancelt, obwohl sie kein alter wei\u00dfer Mann ist, sondern eine queere Frau, die sich bislang f\u00fcr linksliberal gehalten hat?<\/p>\n\n\n\n<p><em>Die Rassistin<\/em>&nbsp;ist eine schwarze Kom\u00f6die, die den R\u00fcckzug auf allzu bequeme Gewissheiten verweigert. Komisch und pr\u00e4zise nimmt die Autorin all die menschlichen Reflexe, Widerspr\u00fcche und rhetorischen Gesch\u00fctze unter die Lupe, die einen konstruktiven gesellschaftlichen Austausch \u00fcber Diskriminierung so kompliziert machen.<\/p>\n\n\n\n<p><em><br><\/em>Sch\u00f6ffling &amp; Co. 2024<\/p>\n<\/div><\/div>\n\n\n\n<figure class=\"wp-block-embed is-type-wp-embed is-provider-literatur-radio-h-rbahn wp-block-embed-literatur-radio-h-rbahn\"><div class=\"wp-block-embed__wrapper\">\n<blockquote class=\"wp-embedded-content\" data-secret=\"v4ZdiDykfm\"><a href=\"https:\/\/literaturradiohoerbahn.com\/jana-scheerer-liest-aus-ihrem-roman-die-rassistin-tukan-kreis\/\">Jana Scheerer liest aus ihrem Roman \u201eDie Rassistin\u201c &#8211; Tukan-Kreis<\/a><\/blockquote><iframe loading=\"lazy\" class=\"wp-embedded-content\" sandbox=\"allow-scripts\" security=\"restricted\" style=\"position: absolute; visibility: hidden;\" title=\"&#8222;Jana Scheerer liest aus ihrem Roman \u201eDie Rassistin\u201c &#8211; Tukan-Kreis&#8220; &#8212; Literatur Radio H\u00f6rbahn\" src=\"https:\/\/literaturradiohoerbahn.com\/jana-scheerer-liest-aus-ihrem-roman-die-rassistin-tukan-kreis\/embed\/#?secret=cLCdmodyZl#?secret=v4ZdiDykfm\" data-secret=\"v4ZdiDykfm\" width=\"600\" height=\"338\" frameborder=\"0\" marginwidth=\"0\" marginheight=\"0\" scrolling=\"no\"><\/iframe>\n<\/div><\/figure>\n\n\n\n<p><\/p>\n\n\n\n<p>PRESSESTIMMEN<\/p>\n\n\n\n<p>\u00bbDie Rassistin: Ein gro\u00dfes literarisches Vergn\u00fcgen, genau das Buch, das unsere Gegenwart braucht.\u00ab <em>Denis Scheck, SWR lesenswert<\/em><\/p>\n\n\n\n<p>\u00bbAutorin Jana Scheerer schreibt rasant und lustig \u00fcber universit\u00e4re Strukturen und entlarvt den Totalit\u00e4tsanspruch aktueller Diskriminierungsdiskurse.\u00ab&nbsp;<em>J\u00f6rg Magenau, Deutschlandfunk Kultur \/ Lesart<\/em><\/p>\n\n\n\n<p>\u00bb&#8217;Die Rassistin&#8216; ist eine wunderbare Satire auf identit\u00e4tspolitische Debatten, die moderne Shitstorm-Kultur und vermeintliche moralische \u00dcberlegenheit. Die Autorin ist sprachlich mit allen Wassern gewaschen. Es gelingt ihr, sich \u00fcber diskursive Spagate lustig zu machen und die verhandelten Themen zugleich ernst zu nehmen.\u00ab &#8211;<em>&nbsp;Sebastian Fasthuber \/ Der Falter<\/em><\/p>\n\n\n\n<p>\u00bb[Jana Scheerer] kann witzig erz\u00e4hlen, sie kann temporeich erz\u00e4hlen, sie hat einen ganz b\u00f6sen Humor und sie hat einen sehr guten Blick f\u00fcr diese kleinen Widerspr\u00fcche, die wir auch alle in uns tragen.\u00ab&nbsp;<em>Markus Br\u00fcgge \/ WDR5 \u00bbScala\u00ab<\/em><\/p>\n\n\n\n<p>\u00bb[Jana Scheerer] schlie\u00dft die Lesenden und ihre h\u00f6chstpers\u00f6nliche Reaktion in die lustig und vielstimmig pr\u00e4sentierte, dabei auch ernste Erkundung des Umgangs mit Herabsetzung ein.\u00ab&nbsp;<em>Sabine Rolf \/ Berliner Zeitung<\/em><\/p>\n\n\n\n<p>\u00bbDer [\u2026] innere Anklageprozess [\u2026] ist virtuos verdichtet.\u00ab<em>&nbsp;Melanie Schippling \/ B\u00dcCHER Magazin<\/em><\/p>\n\n\n\n<p>\u00bbScheerer bildet kleinstteilig die verschiedenen Facetten der gesellschaftlichen Debatte um Rassismus und die sogenannte politische Korrektheit ab. [\u2026]&nbsp;&nbsp;Nicht wenige werden sich darin wiedererkennen \u2013 und die Lekt\u00fcre vielleicht ein bisschen weniger verkrampft beenden.\u00ab&nbsp;<em>Carsten Schrader \/ Kulturnews<\/em><\/p>\n\n\n\n<p>\u00bbHier steckt unfassbar viel drin. [\u2026] viele \u201eLeckerlis\u201c f\u00fcr Linguisten. [\u2026]. Ich hatte hier sehr viel Freude an diesem klugen, rasanten Roman.\u00ab&nbsp;<em>Anika Falke \/ Papierstaupodcast<\/em><\/p>\n\n\n\n<p>\u00bbIch habe das Buch wirklich geliebt \u2013 vom Anfang bis zum Ende\u00ab&nbsp;<em>Robin Schneevogt \/ Papierstaupodcast&nbsp;<\/em><\/p>\n\n\n\n<p>\u00bbJana Scheerers wilde Romansatire&nbsp;<em>Die Rassistin<\/em>&nbsp;f\u00fchrt auf urkomische Weise den Kinderwunsch einer Universit\u00e4tsdozentin mit den Kopfgeburten einer theorieges\u00e4ttigten moralistischen Erregungskultur zusammen \u2013 ohne sie zu denunzieren.\u00ab&nbsp;<em>Stefan Kister \/ Stuttgarter Zeitung<\/em><\/p>\n\n\n\n<p>\u00bb<em>Die Rassistin<\/em>&nbsp;ist ein \u00e4u\u00dferst verspielter Roman mit einem sehr hohen Ironie-Level [&#8230;] ein vergn\u00fcglicher Spa\u00df mit jeder Menge Denkansto\u00df. \u00ab&nbsp;<em>Bookster<\/em><\/p>\n\n\n\n<p>\u00bbScheerer legt mit Witz und fliegend wechselnden Perspektiven die Strukturen [&#8230;] [hinter den Diskursen] frei und zeigt auch, wie schnell man der Selbstzensur erliegt.\u00ab&nbsp;<em>Jenny Blochberger \/ ORF FM4<br><\/em><\/p>\n","protected":false},"excerpt":{"rendered":"<p>&#8222;Die Rassistin&#8220; ist H\u00f6rspiel des Monats der Deutschen Akademie der Darstellenden K\u00fcnste Nora Rischer sitzt im Behandlungsstuhl einer Kinderwunschpraxis, als eine E-Mail sie erreicht: Rassistischer Vorfall an unserer Universit\u00e4t. Sie ist neugierig, vorauseilend emp\u00f6rt \u2013 und sie stutzt: Ist da etwa ihr eigenes Seminar in &hellip; <\/p>\n","protected":false},"author":1,"featured_media":0,"parent":0,"menu_order":0,"comment_status":"closed","ping_status":"closed","template":"","meta":{"footnotes":"","_links_to":"","_links_to_target":""},"class_list":["post-521","page","type-page","status-publish","hentry"],"_links":{"self":[{"href":"https:\/\/jana-scheerer.de\/index.php?rest_route=\/wp\/v2\/pages\/521"}],"collection":[{"href":"https:\/\/jana-scheerer.de\/index.php?rest_route=\/wp\/v2\/pages"}],"about":[{"href":"https:\/\/jana-scheerer.de\/index.php?rest_route=\/wp\/v2\/types\/page"}],"author":[{"embeddable":true,"href":"https:\/\/jana-scheerer.de\/index.php?rest_route=\/wp\/v2\/users\/1"}],"replies":[{"embeddable":true,"href":"https:\/\/jana-scheerer.de\/index.php?rest_route=%2Fwp%2Fv2%2Fcomments&post=521"}],"version-history":[{"count":15,"href":"https:\/\/jana-scheerer.de\/index.php?rest_route=\/wp\/v2\/pages\/521\/revisions"}],"predecessor-version":[{"id":584,"href":"https:\/\/jana-scheerer.de\/index.php?rest_route=\/wp\/v2\/pages\/521\/revisions\/584"}],"wp:attachment":[{"href":"https:\/\/jana-scheerer.de\/index.php?rest_route=%2Fwp%2Fv2%2Fmedia&parent=521"}],"curies":[{"name":"wp","href":"https:\/\/api.w.org\/{rel}","templated":true}]}}