{"id":310,"date":"2020-04-12T15:22:18","date_gmt":"2020-04-12T15:22:18","guid":{"rendered":"http:\/\/jana-scheerer.de\/?page_id=310"},"modified":"2021-04-28T07:53:20","modified_gmt":"2021-04-28T07:53:20","slug":"fuer-leseanfaenger","status":"publish","type":"page","link":"https:\/\/jana-scheerer.de\/?page_id=310","title":{"rendered":"F\u00fcr das erste Lesealter"},"content":{"rendered":"\n<h3 class=\"wp-block-heading\">Regenbogenlesekiste 2<\/h3>\n\n\n\n<h4 class=\"wp-block-heading\">Herausgegeben von Gerheid Scheerer-Neumann, Rudolf Kretschmann und Jana Scheerer.<a rel=\"noreferrer noopener\" href=\"https:\/\/www.klett.de\/produkt\/isbn\/978-3-12-010533-6\" target=\"_blank\"> Verlag f\u00fcr p\u00e4dagogische Medien 2009.<\/a><\/h4>\n\n\n\n<p>Die Regenbogen-Lesekiste II ist f\u00fcr Sch\u00fclerinnen und Sch\u00fcler gedacht, die prinzipiell lesen k\u00f6nnen, aber noch gro\u00dfe M\u00fche beim Lesen und Verstehen von Texten mit l\u00e4ngeren und komplexeren W\u00f6rtern und S\u00e4tzen haben. Dies k\u00f6nnen ebenso durchschnittlich schnell lesen lernende Kinder aus dem zweiten Schuljahr sein wie auch langsame Leselerner&nbsp;<br>aus dem dritten oder vierten Schuljahr und dar\u00fcber hinaus.<\/p>\n\n\n\n<p>Leseschwache Kinder geraten leicht in einen Teufelskreis: Die Lesemotivation sinkt oder entsteht erst gar nicht, wenn interessante B\u00fccher zu schwierig zu lesen sind und Erstlesertexte als \u201eBabykram\u201c empfunden werden. Die Folge: Fehlende Leseerfahrung, Stagnation in der Leseentwicklung.<\/p>\n\n\n\n<p>Beim Lesen der Regenbogen-B\u00fccher k\u00f6nnen die Sch\u00fclerinnen und Sch\u00fcler die Erfahrung machen: Ich kann lesen. Und: Lesen lohnt sich.<br>Die B\u00fccher k\u00f6nnen ebenso beim Freien Lesen eingesetzt werden wie im F\u00f6rderunterricht oder in der Lerntherapie.&nbsp;<\/p>\n\n\n\n<p>(Aus: Scheerer-Neumann\/Kretschmann: Interessante Texte &#8211; leicht zu lesen. Verlag f\u00fcr p\u00e4dagogische Medien 2009.)<\/p>\n","protected":false},"excerpt":{"rendered":"<p>Regenbogenlesekiste 2 Herausgegeben von Gerheid Scheerer-Neumann, Rudolf Kretschmann und Jana Scheerer. Verlag f\u00fcr p\u00e4dagogische Medien 2009. Die Regenbogen-Lesekiste II ist f\u00fcr Sch\u00fclerinnen und Sch\u00fcler gedacht, die prinzipiell lesen k\u00f6nnen, aber noch gro\u00dfe M\u00fche beim Lesen und Verstehen von Texten mit l\u00e4ngeren und komplexeren W\u00f6rtern und &hellip; <\/p>\n","protected":false},"author":1,"featured_media":0,"parent":0,"menu_order":0,"comment_status":"closed","ping_status":"closed","template":"","meta":{"footnotes":"","_links_to":"","_links_to_target":""},"class_list":["post-310","page","type-page","status-publish","hentry"],"_links":{"self":[{"href":"https:\/\/jana-scheerer.de\/index.php?rest_route=\/wp\/v2\/pages\/310"}],"collection":[{"href":"https:\/\/jana-scheerer.de\/index.php?rest_route=\/wp\/v2\/pages"}],"about":[{"href":"https:\/\/jana-scheerer.de\/index.php?rest_route=\/wp\/v2\/types\/page"}],"author":[{"embeddable":true,"href":"https:\/\/jana-scheerer.de\/index.php?rest_route=\/wp\/v2\/users\/1"}],"replies":[{"embeddable":true,"href":"https:\/\/jana-scheerer.de\/index.php?rest_route=%2Fwp%2Fv2%2Fcomments&post=310"}],"version-history":[{"count":8,"href":"https:\/\/jana-scheerer.de\/index.php?rest_route=\/wp\/v2\/pages\/310\/revisions"}],"predecessor-version":[{"id":414,"href":"https:\/\/jana-scheerer.de\/index.php?rest_route=\/wp\/v2\/pages\/310\/revisions\/414"}],"wp:attachment":[{"href":"https:\/\/jana-scheerer.de\/index.php?rest_route=%2Fwp%2Fv2%2Fmedia&parent=310"}],"curies":[{"name":"wp","href":"https:\/\/api.w.org\/{rel}","templated":true}]}}