{"id":211,"date":"2020-04-06T13:45:27","date_gmt":"2020-04-06T13:45:27","guid":{"rendered":"http:\/\/jana-scheerer.de\/?page_id=211"},"modified":"2022-12-18T09:58:19","modified_gmt":"2022-12-18T09:58:19","slug":"mein-vater-sein-schwein-und-ich-2","status":"publish","type":"page","link":"https:\/\/jana-scheerer.de\/?page_id=211","title":{"rendered":"Mein Vater, sein Schwein und ich"},"content":{"rendered":"\n<div class=\"wp-block-media-text alignwide is-stacked-on-mobile\"><figure class=\"wp-block-media-text__media\"><img loading=\"lazy\" decoding=\"async\" width=\"180\" height=\"299\" src=\"http:\/\/jana-scheerer.de\/wp-content\/uploads\/2020\/04\/Mein-Vater-sein-Schwein-und-ich-1.jpg\" alt=\"\" class=\"wp-image-128 size-full\" srcset=\"https:\/\/jana-scheerer.de\/wp-content\/uploads\/2020\/04\/Mein-Vater-sein-Schwein-und-ich-1.jpg 180w, https:\/\/jana-scheerer.de\/wp-content\/uploads\/2020\/04\/Mein-Vater-sein-Schwein-und-ich-1-36x60.jpg 36w\" sizes=\"(max-width: 180px) 100vw, 180px\" \/><\/figure><div class=\"wp-block-media-text__content\">\n<p class=\"has-large-font-size\">\u00bbEin hinrei\u00dfend skurriles Deb\u00fct.\u00ab<\/p>\n\n\n\n<p><strong>Prinz, Die 15 besten B\u00fccher des Jahres 2004<\/strong><\/p>\n<\/div><\/div>\n\n\n\n<p><a href=\"https:\/\/www.schoeffling.de\/buecher\/jana-scheerer\/mein-vater-sein-schwein-und-ich\" target=\"_blank\" rel=\"noreferrer noopener\">Sch\u00f6ffling &amp; Co. 2004<\/a><\/p>\n\n\n\n<p>Taschenbuch: Piper 2005<br><a href=\"https:\/\/www.buchfunk.de\/hoerbuecher\/mein-vater-sein-schwein-und-ich\/\" target=\"_blank\" rel=\"noreferrer noopener\">H\u00f6rbuch: Buchfunk 2008<\/a><\/p>\n\n\n\n<p>&#8222;Schr\u00e4g, witzig, intelligent und antiautorit\u00e4r &#8211; ich empfehle MEIN VATER, SEIN SCHWEIN UND ICH.&#8220;<\/p>\n\n\n\n<p><strong>Hajo Steinert, Focus&nbsp;<\/strong><\/p>\n\n\n\n<p>&#8222;`Bevor ich auf die Welt kam, waren meine Eltern schwarzwei\u00df.\u00b4 Solche S\u00e4tze schreibt Jana Scheerer in ihrem Deb\u00fct. Und davon hat sie noch viel mehr auf Lager. Das witzigste Buch des Jahres.&#8220;<br><strong>Ulrich Faure, BuchMarkt<\/strong><\/p>\n\n\n\n<p>&#8222;Mehr als ein sanftes, humorvolles Deb\u00fct ist Jana Scheerer da gelungen, geht es doch immer um das T\u00e4gliche im Allt\u00e4glichen, wie wir mit uns, unseren Menschen, unserem Leben zurechtkommen &#8211; mit ein bi\u00dfchen `Schwein\u00b4, einer guten Portion Humor und offenen Augen. Jana Scheerer macht Lust aufs Lesen.&#8220;<br><strong>Stefan Becht, Buchkultur<\/strong><\/p>\n\n\n\n<p>&#8222;Das Deb\u00fctautorinnen erst einmal auf den eigenen Teller und nicht \u00fcber den Rand schauen, ist normal. Selten aber macht jemand daraus eine Tugend &#8211; Jana Scheerer ist das gelungen, mit einem kleinen, schr\u00e4gen, sehr sch\u00f6nen Buch.&#8220;<br><strong>Stern<\/strong><br><br>&#8222;Das Geheimnis der Geschichten liegt in der kuriosen Leichtigkeit des Seins.&#8220;<br><strong>Berliner Zeitung<\/strong><br><br>&#8222;Dem feinen Gesp\u00fcr und dem Mut des Sch\u00f6ffling Verlages ist es zu verdanken, dass nach Franziska Gerstenberg im Fr\u00fchjahr nun mit Jana Scheerer die zweite vielversprechende Deb\u00fctantin binnen eines halben Jahres ihr Deb\u00fct geben konnte.&#8220;<br><strong>Peter Mohr, Rhein-Neckar-Zeitung<\/strong><br><br><br>&#8222;Seit zehn Jahren gibt es den Sch\u00f6ffling Verlag. Zu seinem Geburtstag schenkt er den Lesern nicht Grass, sondern das Deb\u00fct Jana Scheerers.&#8220;<br><strong>Thomas Schaefer, Hannoversche Allgemeine Zeitung<\/strong><br><br>&#8222;Ein vergn\u00fcglicher Lesespa\u00df jenseits der Normalit\u00e4t &#8211; aber was ist denn schon normal.&#8220;<br><strong>Hamburger Abendblatt<\/strong><br><br>&#8222;Das Au\u00dfergew\u00f6hnliche an Jana Scheerers kurzen Geschichten ist ihr Gesp\u00fcr f\u00fcr das komische Potenzial des gesprochenen Wortes. (&#8230;) Ein schwer zu fassendes Ph\u00e4nomen, bei dessen Beurteilung das Am\u00fcsement des Lesers die letzte Instanz bleibt. Und der hofft jetzt auf eine Fortsetzung.&#8220;<br><strong>Michael Wunderlich, N\u00fcrnberger Nachrichten<\/strong><br><br>&#8222;Don\u2019t miss: Hochgradig witzige Erz\u00e4hlungen mit ernstem Kern.&#8220;<br><strong>Brigitte Young Miss<\/strong><\/p>\n\n\n\n<p><\/p>\n\n\n\n<p><strong>Mein Vater, sein Schwein und ich in \u00dcbersetzung<\/strong><\/p>\n\n\n\n<p>Frankreich: Buchet\/Chatel<\/p>\n\n\n\n<p>Korea: Dulnyouk<\/p>\n\n\n\n<p>Brasilien: Rocco<\/p>\n\n\n\n<p>Russland: Limbus<\/p>\n\n\n\n<p>Thailand: Circle China &#8211; Babel<\/p>\n","protected":false},"excerpt":{"rendered":"<p>\u00bbEin hinrei\u00dfend skurriles Deb\u00fct.\u00ab Prinz, Die 15 besten B\u00fccher des Jahres 2004 Sch\u00f6ffling &amp; Co. 2004 Taschenbuch: Piper 2005H\u00f6rbuch: Buchfunk 2008 &#8222;Schr\u00e4g, witzig, intelligent und antiautorit\u00e4r &#8211; ich empfehle MEIN VATER, SEIN SCHWEIN UND ICH.&#8220; Hajo Steinert, Focus&nbsp; &#8222;`Bevor ich auf die Welt kam, waren &hellip; <\/p>\n","protected":false},"author":1,"featured_media":0,"parent":0,"menu_order":0,"comment_status":"closed","ping_status":"closed","template":"","meta":{"footnotes":"","_links_to":"","_links_to_target":""},"class_list":["post-211","page","type-page","status-publish","hentry"],"_links":{"self":[{"href":"https:\/\/jana-scheerer.de\/index.php?rest_route=\/wp\/v2\/pages\/211"}],"collection":[{"href":"https:\/\/jana-scheerer.de\/index.php?rest_route=\/wp\/v2\/pages"}],"about":[{"href":"https:\/\/jana-scheerer.de\/index.php?rest_route=\/wp\/v2\/types\/page"}],"author":[{"embeddable":true,"href":"https:\/\/jana-scheerer.de\/index.php?rest_route=\/wp\/v2\/users\/1"}],"replies":[{"embeddable":true,"href":"https:\/\/jana-scheerer.de\/index.php?rest_route=%2Fwp%2Fv2%2Fcomments&post=211"}],"version-history":[{"count":15,"href":"https:\/\/jana-scheerer.de\/index.php?rest_route=\/wp\/v2\/pages\/211\/revisions"}],"predecessor-version":[{"id":503,"href":"https:\/\/jana-scheerer.de\/index.php?rest_route=\/wp\/v2\/pages\/211\/revisions\/503"}],"wp:attachment":[{"href":"https:\/\/jana-scheerer.de\/index.php?rest_route=%2Fwp%2Fv2%2Fmedia&parent=211"}],"curies":[{"name":"wp","href":"https:\/\/api.w.org\/{rel}","templated":true}]}}