{"id":203,"date":"2020-04-06T13:08:20","date_gmt":"2020-04-06T13:08:20","guid":{"rendered":"http:\/\/jana-scheerer.de\/?page_id=203"},"modified":"2024-03-20T16:32:34","modified_gmt":"2024-03-20T16:32:34","slug":"romane-2","status":"publish","type":"page","link":"https:\/\/jana-scheerer.de\/?page_id=203","title":{"rendered":"Romane"},"content":{"rendered":"\n<p><\/p>\n\n\n\n<p><a href=\"https:\/\/jana-scheerer.de\/?page_id=521&amp;preview=true\">Die Rassistin, Sch\u00f6ffling &amp; Co. 2024<\/a><\/p>\n\n\n\n<p><a href=\"http:\/\/jana-scheerer.de\/?page_id=197\" target=\"_blank\" rel=\"noreferrer noopener\">Das Meer in meinem Zimmer, Sch\u00f6ffling &amp; Co. 2020<\/a><\/p>\n\n\n\n<p><a href=\"http:\/\/jana-scheerer.de\/?page_id=104\">Mein innerer Elvis. Sch\u00f6ffling &amp; Co. 2010.<\/a><\/p>\n\n\n\n<p><a href=\"http:\/\/jana-scheerer.de\/?page_id=211\">Mein Vater, sein Schwein und ich. Sch\u00f6ffling &amp; Co. 2004.<\/a><\/p>\n","protected":false},"excerpt":{"rendered":"<p>Die Rassistin, Sch\u00f6ffling &amp; Co. 2024 Das Meer in meinem Zimmer, Sch\u00f6ffling &amp; Co. 2020 Mein innerer Elvis. Sch\u00f6ffling &amp; Co. 2010. Mein Vater, sein Schwein und ich. Sch\u00f6ffling &amp; Co. 2004.<\/p>\n","protected":false},"author":1,"featured_media":0,"parent":0,"menu_order":0,"comment_status":"closed","ping_status":"closed","template":"","meta":{"footnotes":"","_links_to":"","_links_to_target":""},"class_list":["post-203","page","type-page","status-publish","hentry"],"_links":{"self":[{"href":"https:\/\/jana-scheerer.de\/index.php?rest_route=\/wp\/v2\/pages\/203"}],"collection":[{"href":"https:\/\/jana-scheerer.de\/index.php?rest_route=\/wp\/v2\/pages"}],"about":[{"href":"https:\/\/jana-scheerer.de\/index.php?rest_route=\/wp\/v2\/types\/page"}],"author":[{"embeddable":true,"href":"https:\/\/jana-scheerer.de\/index.php?rest_route=\/wp\/v2\/users\/1"}],"replies":[{"embeddable":true,"href":"https:\/\/jana-scheerer.de\/index.php?rest_route=%2Fwp%2Fv2%2Fcomments&post=203"}],"version-history":[{"count":7,"href":"https:\/\/jana-scheerer.de\/index.php?rest_route=\/wp\/v2\/pages\/203\/revisions"}],"predecessor-version":[{"id":534,"href":"https:\/\/jana-scheerer.de\/index.php?rest_route=\/wp\/v2\/pages\/203\/revisions\/534"}],"wp:attachment":[{"href":"https:\/\/jana-scheerer.de\/index.php?rest_route=%2Fwp%2Fv2%2Fmedia&parent=203"}],"curies":[{"name":"wp","href":"https:\/\/api.w.org\/{rel}","templated":true}]}}