{"id":197,"date":"2020-07-19T13:21:44","date_gmt":"2020-07-19T13:21:44","guid":{"rendered":"http:\/\/jana-scheerer.de\/?page_id=197"},"modified":"2022-12-18T09:57:03","modified_gmt":"2022-12-18T09:57:03","slug":"das-meer-in-meinem-zimmer-2","status":"publish","type":"page","link":"https:\/\/jana-scheerer.de\/?page_id=197","title":{"rendered":"Das Meer in meinem Zimmer"},"content":{"rendered":"\n<div class=\"wp-block-media-text alignwide is-stacked-on-mobile\"><figure class=\"wp-block-media-text__media\"><img loading=\"lazy\" decoding=\"async\" width=\"628\" height=\"1024\" src=\"http:\/\/jana-scheerer.de\/wp-content\/uploads\/2020\/07\/Scheerer_Das_Meer_Cover-628x1024.jpg\" alt=\"\" class=\"wp-image-343 size-full\"\/><\/figure><div class=\"wp-block-media-text__content\">\n<p>Als Jolandas Vater Pax stirbt, kann ihre Mutter es nicht fassen. Jolanda muss ins Krankenhaus, um nachzufragen, ob er wirklich tot ist. Es stimmt \u2013 Ex um drei Uhr dreiundzwanzig, wird ihr mitgeteilt. Doch ihre Mutter weigert sich, seinen Tod zu akzeptieren. Verwirrt und wie gel\u00e4hmt spielen Jolanda und ihre j\u00fcngere Schwester Lilli das Spiel mit. Die k\u00fcnstliche Normalit\u00e4t ist br\u00fcchig. Erinnerungen an das Leben mit Pax holen Jolanda ein: Die Nordseepension, die er betrieb, ohne je einen Gast zu haben. Seine aufbrausende Unberechenbarkeit. Seine leidenschaftliche, w\u00fctende, irrsinnige Suche nach einem verschollenen Schiffswrack. Als die kleine Lilli nachts ins Watt l\u00e4uft, um nach dem Vater zu suchen, f\u00fchrt das Leugnen seines Todes fast in die Katastrophe. Jolanda muss handeln.&nbsp;<br><em>Das Meer in meinem Zimmer<\/em>&nbsp;erz\u00e4hlt von einer Familie, die ihr Zentrum verliert und sich neu finden muss \u2013 alle zusammen und jede f\u00fcr sich allein.<\/p>\n\n\n\n<p>NDR Buch des Monats Juli<a rel=\"noreferrer noopener\" href=\"https:\/\/www.ndr.de\/kultur\/buch\/buchdesmonats\/NDR-Buch-des-Monats-Das-Meer-in-meinem-Zimmer,dasmeerinmeinemzimmer100.html\" target=\"_blank\"> <\/a>2020<\/p>\n<\/div><\/div>\n","protected":false},"excerpt":{"rendered":"<p>Als Jolandas Vater Pax stirbt, kann ihre Mutter es nicht fassen. Jolanda muss ins Krankenhaus, um nachzufragen, ob er wirklich tot ist. Es stimmt \u2013 Ex um drei Uhr dreiundzwanzig, wird ihr mitgeteilt. Doch ihre Mutter weigert sich, seinen Tod zu akzeptieren. Verwirrt und wie &hellip; <\/p>\n","protected":false},"author":1,"featured_media":0,"parent":0,"menu_order":0,"comment_status":"closed","ping_status":"closed","template":"","meta":{"footnotes":"","_links_to":"","_links_to_target":""},"class_list":["post-197","page","type-page","status-publish","hentry"],"_links":{"self":[{"href":"https:\/\/jana-scheerer.de\/index.php?rest_route=\/wp\/v2\/pages\/197"}],"collection":[{"href":"https:\/\/jana-scheerer.de\/index.php?rest_route=\/wp\/v2\/pages"}],"about":[{"href":"https:\/\/jana-scheerer.de\/index.php?rest_route=\/wp\/v2\/types\/page"}],"author":[{"embeddable":true,"href":"https:\/\/jana-scheerer.de\/index.php?rest_route=\/wp\/v2\/users\/1"}],"replies":[{"embeddable":true,"href":"https:\/\/jana-scheerer.de\/index.php?rest_route=%2Fwp%2Fv2%2Fcomments&post=197"}],"version-history":[{"count":10,"href":"https:\/\/jana-scheerer.de\/index.php?rest_route=\/wp\/v2\/pages\/197\/revisions"}],"predecessor-version":[{"id":501,"href":"https:\/\/jana-scheerer.de\/index.php?rest_route=\/wp\/v2\/pages\/197\/revisions\/501"}],"wp:attachment":[{"href":"https:\/\/jana-scheerer.de\/index.php?rest_route=%2Fwp%2Fv2%2Fmedia&parent=197"}],"curies":[{"name":"wp","href":"https:\/\/api.w.org\/{rel}","templated":true}]}}