{"id":192,"date":"2020-04-06T12:40:18","date_gmt":"2020-04-06T12:40:18","guid":{"rendered":"http:\/\/jana-scheerer.de\/?page_id=192"},"modified":"2024-10-25T12:35:15","modified_gmt":"2024-10-25T12:35:15","slug":"zum-hoeren","status":"publish","type":"page","link":"https:\/\/jana-scheerer.de\/?page_id=192","title":{"rendered":"Zum H\u00f6ren"},"content":{"rendered":"\n<p><a href=\"https:\/\/www.mdr.de\/kultur\/radio\/jana-scheerer-die-rassistin-lesung-102.html\">&#8222;Die Rassistin&#8220; als Szenische Lesung des MDR<\/a><\/p>\n\n\n\n<p><a href=\"https:\/\/literaturradiohoerbahn.com\/jana-scheerer-liest-aus-ihrem-roman-die-rassistin-tukan-kreis\/\">Lesung aus &#8222;Die Rassistin&#8220; beim M\u00fcnchner Tukan-Kreis<\/a><\/p>\n\n\n\n<p><a href=\"https:\/\/www.w1-media.de\/produkte\/gefahr-ist-unser-geschaeft-2-115582?verlag=woowbooks\">Die F\u00e4lle aus den Akten der Detektei Donnerschlag<\/a><\/p>\n\n\n\n<p><a href=\"https:\/\/www.ohrenbaer.de\/wir\/sendungen\/geschichten-2019\/elefanten-bitte-klingeln-.html\" target=\"_blank\" rel=\"noreferrer noopener\">Elefanten bitte klingeln! Eine Ohrenb\u00e4r-Geschichte<\/a> <\/p>\n\n\n\n<p>Kater Zwei Null. In: Bachstein, Julia (Hg.): Katzenleben. Neueste Katzengeschichten aus aller Welt. Steinbach Sprechende B\u00fccher 2017.<\/p>\n\n\n\n<p>Die Katze Muschi. In: Das neue Katzenh\u00f6rbuch. Noch mehr Katzengeschichten. Gelesen von Ursela Monn. Steinbach Sprechende B\u00fccher 2012.<\/p>\n\n\n\n<p>Die Katze Muschi. In: Auf Samtpf\u00f6tchen. Katzengeschichten. Der H\u00f6rverlag 2005.<\/p>\n\n\n\n<p>Mein Vater sein Schwein und ich. Gelesen von Julia Richter. Buchfunk 2005. <\/p>\n","protected":false},"excerpt":{"rendered":"<p>&#8222;Die Rassistin&#8220; als Szenische Lesung des MDR Lesung aus &#8222;Die Rassistin&#8220; beim M\u00fcnchner Tukan-Kreis Die F\u00e4lle aus den Akten der Detektei Donnerschlag Elefanten bitte klingeln! Eine Ohrenb\u00e4r-Geschichte Kater Zwei Null. In: Bachstein, Julia (Hg.): Katzenleben. Neueste Katzengeschichten aus aller Welt. Steinbach Sprechende B\u00fccher 2017. Die &hellip; <\/p>\n","protected":false},"author":1,"featured_media":0,"parent":0,"menu_order":0,"comment_status":"closed","ping_status":"closed","template":"","meta":{"footnotes":"","_links_to":"","_links_to_target":""},"class_list":["post-192","page","type-page","status-publish","hentry"],"_links":{"self":[{"href":"https:\/\/jana-scheerer.de\/index.php?rest_route=\/wp\/v2\/pages\/192"}],"collection":[{"href":"https:\/\/jana-scheerer.de\/index.php?rest_route=\/wp\/v2\/pages"}],"about":[{"href":"https:\/\/jana-scheerer.de\/index.php?rest_route=\/wp\/v2\/types\/page"}],"author":[{"embeddable":true,"href":"https:\/\/jana-scheerer.de\/index.php?rest_route=\/wp\/v2\/users\/1"}],"replies":[{"embeddable":true,"href":"https:\/\/jana-scheerer.de\/index.php?rest_route=%2Fwp%2Fv2%2Fcomments&post=192"}],"version-history":[{"count":12,"href":"https:\/\/jana-scheerer.de\/index.php?rest_route=\/wp\/v2\/pages\/192\/revisions"}],"predecessor-version":[{"id":582,"href":"https:\/\/jana-scheerer.de\/index.php?rest_route=\/wp\/v2\/pages\/192\/revisions\/582"}],"wp:attachment":[{"href":"https:\/\/jana-scheerer.de\/index.php?rest_route=%2Fwp%2Fv2%2Fmedia&parent=192"}],"curies":[{"name":"wp","href":"https:\/\/api.w.org\/{rel}","templated":true}]}}