{"id":185,"date":"2020-04-05T16:12:40","date_gmt":"2020-04-05T16:12:40","guid":{"rendered":"http:\/\/jana-scheerer.de\/?page_id=185"},"modified":"2022-11-21T16:01:22","modified_gmt":"2022-11-21T16:01:22","slug":"kurzgeschichten-und-andere-texte","status":"publish","type":"page","link":"https:\/\/jana-scheerer.de\/?page_id=185","title":{"rendered":"Kurzes"},"content":{"rendered":"\n<p>Onkel Heins wundersame Heilung. In: Ich verspreche dir einen sch\u00f6nen Sommer. Trabantenverlag 2021.<\/p>\n\n\n\n<p>Kater Zwei Null. In: Bachstein, Julia (Hg.): Katzenleben. Neueste Katzengeschichten aus aller Welt. Sch\u00f6ffling&amp;Co. 2017.<\/p>\n\n\n\n<p>Gefrorene Handlungen. In: Walther, Christian (Hg.): Hinter den Lichtern. 18 unglaubliche Stories. Beltz&amp;Gelberg 2016.<\/p>\n\n\n\n<p>Mein Vater, mein Vater und wir. In: Hametner, Michael (Hg.):&nbsp;Fr\u00fchst\u00fcck mit Axt: Die besten Geschichten aus dem MDR-Literaturwettbewerb&nbsp;2012.Neues Leben 2012.<\/p>\n\n\n\n<p>John. In: Heer, Jone (Hg.): Sonnenk\u00e4tzchen. Sommerliche Katzengeschichten. Piper 2012.<\/p>\n\n\n\n<p>Senkrecht. In: Heer, Jone (Hg.): Sommerk\u00e4tzchen. Piper 2010.<\/p>\n\n\n\n<p>Hans im Fernsehen. In: Erz\u00e4hl doch keine M\u00e4rchen, oder: Verteidigt jemand Hans im Gl\u00fcck. Neue Kontroversen. DuMont 2010.<\/p>\n\n\n\n<p>Panschen. In: Reichart, Manuela\/Gl\u00fcckstein, Peter und Stefanie Steudemann (Hg.): Bier. Eichborn Verlag 2009.<\/p>\n\n\n\n<p>Witts Urlaub. In: Postcardstories Summertime. Ars Vivendi 2008.<\/p>\n\n\n\n<p>Jutta. In: Probsthayn, Lou A.\/Schumacher, Karin: Gedankenspiele. Dialoge zwischen Malerei und Gegenwartsliteratur. Achilla Presse 2008.<\/p>\n\n\n\n<p>Bevorzugte Wohnlage. In: Bendixen, Katharina (Hg.): Quietschblanke Tage, spiegelglatte N\u00e4chte. Gro\u00dfstadtgeschichten. Poetenladen 2008.&nbsp;<\/p>\n\n\n\n<p>\u201eWar aba noch eener von die besseren!\u201c Vom Augenrollen des Triebt\u00e4ters, und K\u00f6ln ist, wenn man den Dom sieht. Strickmuster eines unerkl\u00e4rlichen Kults. In: du 779 (September 2007).<\/p>\n\n\n\n<p>Das Bielefelder Gef\u00fchl. In: du 767 (5) (Juni 2006).<\/p>\n\n\n\n<p>Stoll. In: Postcardstories. Ars Vivendi 2006.<\/p>\n\n\n\n<p>Prosa. In: Von B\u00fcchern und Menschen. Sch\u00f6ffling&amp;co. 2005.<\/p>\n\n\n\n<p>Der adoptierte Exfreund. In: Brigitte 23, Oktober 2005.<\/p>\n\n\n\n<p>Mann, bist du peinlich! In: Brigitte 22, Oktober 2005.<\/p>\n\n\n\n<p>Die Katze Muschi. In: Das gro\u00dfe Katzen-Lesebuch. Frankfurt\/Main: Sch\u00f6ffling&amp;Co. 2004.<\/p>\n\n\n\n<p>Freundschaft ist ein rosa Regenschirm. In: Marjan, Marie-Luise: Freundschaften. Hoffmann und Campe 2004.<\/p>\n\n\n\n<p>Die Zahnsitterin. In: Vierzigstundenwoche. BVjA 2001.<\/p>\n","protected":false},"excerpt":{"rendered":"<p>Onkel Heins wundersame Heilung. In: Ich verspreche dir einen sch\u00f6nen Sommer. Trabantenverlag 2021. Kater Zwei Null. In: Bachstein, Julia (Hg.): Katzenleben. Neueste Katzengeschichten aus aller Welt. Sch\u00f6ffling&amp;Co. 2017. Gefrorene Handlungen. In: Walther, Christian (Hg.): Hinter den Lichtern. 18 unglaubliche Stories. Beltz&amp;Gelberg 2016. Mein Vater, mein &hellip; <\/p>\n","protected":false},"author":1,"featured_media":0,"parent":0,"menu_order":0,"comment_status":"closed","ping_status":"closed","template":"","meta":{"footnotes":"","_links_to":"","_links_to_target":""},"class_list":["post-185","page","type-page","status-publish","hentry"],"_links":{"self":[{"href":"https:\/\/jana-scheerer.de\/index.php?rest_route=\/wp\/v2\/pages\/185"}],"collection":[{"href":"https:\/\/jana-scheerer.de\/index.php?rest_route=\/wp\/v2\/pages"}],"about":[{"href":"https:\/\/jana-scheerer.de\/index.php?rest_route=\/wp\/v2\/types\/page"}],"author":[{"embeddable":true,"href":"https:\/\/jana-scheerer.de\/index.php?rest_route=\/wp\/v2\/users\/1"}],"replies":[{"embeddable":true,"href":"https:\/\/jana-scheerer.de\/index.php?rest_route=%2Fwp%2Fv2%2Fcomments&post=185"}],"version-history":[{"count":6,"href":"https:\/\/jana-scheerer.de\/index.php?rest_route=\/wp\/v2\/pages\/185\/revisions"}],"predecessor-version":[{"id":470,"href":"https:\/\/jana-scheerer.de\/index.php?rest_route=\/wp\/v2\/pages\/185\/revisions\/470"}],"wp:attachment":[{"href":"https:\/\/jana-scheerer.de\/index.php?rest_route=%2Fwp%2Fv2%2Fmedia&parent=185"}],"curies":[{"name":"wp","href":"https:\/\/api.w.org\/{rel}","templated":true}]}}