{"id":103,"date":"2020-04-05T13:04:22","date_gmt":"2020-04-05T13:04:22","guid":{"rendered":"http:\/\/jana-scheerer.de\/?page_id=103"},"modified":"2022-12-18T09:59:38","modified_gmt":"2022-12-18T09:59:38","slug":"kinder-und-jugendbuecher","status":"publish","type":"page","link":"https:\/\/jana-scheerer.de\/?page_id=103","title":{"rendered":"Kinder- und Jugendbuch"},"content":{"rendered":"\n<div class=\"wp-block-media-text alignwide is-stacked-on-mobile\"><figure class=\"wp-block-media-text__media\"><img loading=\"lazy\" decoding=\"async\" width=\"776\" height=\"1024\" src=\"http:\/\/jana-scheerer.de\/wp-content\/uploads\/2022\/11\/Geheimnisse-sind-unser-Geschaeft-scaled-e1669042528162-776x1024.jpg\" alt=\"\" class=\"wp-image-429 size-full\" srcset=\"https:\/\/jana-scheerer.de\/wp-content\/uploads\/2022\/11\/Geheimnisse-sind-unser-Geschaeft-scaled-e1669042528162-776x1024.jpg 776w, https:\/\/jana-scheerer.de\/wp-content\/uploads\/2022\/11\/Geheimnisse-sind-unser-Geschaeft-scaled-e1669042528162-227x300.jpg 227w, https:\/\/jana-scheerer.de\/wp-content\/uploads\/2022\/11\/Geheimnisse-sind-unser-Geschaeft-scaled-e1669042528162-768x1013.jpg 768w, https:\/\/jana-scheerer.de\/wp-content\/uploads\/2022\/11\/Geheimnisse-sind-unser-Geschaeft-scaled-e1669042528162-1165x1536.jpg 1165w, https:\/\/jana-scheerer.de\/wp-content\/uploads\/2022\/11\/Geheimnisse-sind-unser-Geschaeft-scaled-e1669042528162-45x60.jpg 45w, https:\/\/jana-scheerer.de\/wp-content\/uploads\/2022\/11\/Geheimnisse-sind-unser-Geschaeft-scaled-e1669042528162.jpg 1348w\" sizes=\"(max-width: 776px) 100vw, 776px\" \/><\/figure><div class=\"wp-block-media-text__content\">\n<p><a href=\"https:\/\/www.w1-media.de\/produkte\/gefahr-ist-unser-geschaeft-2-115582?verlag=woowbooks\">Die F\u00e4lle aus den Akten der Detektei Donnerschlag als H\u00f6rbuch<\/a><\/p>\n\n\n\n<p><\/p>\n\n\n\n<p><\/p>\n\n\n\n<p class=\"has-text-align-center\" style=\"font-size:21px\"><strong>Der vierte Fall der Detektei Donnerschlag<\/strong><\/p>\n\n\n\n<p class=\"has-drop-cap\">Der neuste Fall f\u00fchrt die Detektei Donnerschlag nach Venedig! Dort gehen in einer Karaoke-Bar namens \u203aDer Teufel mit den drei goldenen Haaren\u2039 geheimnisvolle Dinge vor sich. Ob der als Teufel verkleidete Barbesitzer etwas mit den Gelddiebst\u00e4hlen zu tun hat, die sich in der Stadt seit Kurzem h\u00e4ufen? Der T\u00e4ter scheint zumindest eine Vorliebe f\u00fcr M\u00e4rchen zu haben, denn er hinterl\u00e4sst nach jedem Raub r\u00e4tselhafte Botschaften mit M\u00e4rchenzitaten. Und dann finden Harald und seine beiden Detektivkolleginnen heraus, dass Venedig in gro\u00dfer Gefahr schwebt!.<\/p>\n\n\n\n<p>ab 9 Jahren<\/p>\n\n\n\n<p><a rel=\"noreferrer noopener\" href=\"https:\/\/www.w1-media.de\/produkte\/geheimnisse-sind-unser-geschaeft-725572?verlag=woowbooks\" target=\"_blank\">Wow Books 2022<\/a><\/p>\n\n\n\n<p><\/p>\n<\/div><\/div>\n\n\n\n<p><\/p>\n\n\n\n<div class=\"wp-block-media-text alignwide is-stacked-on-mobile\"><figure class=\"wp-block-media-text__media\"><img loading=\"lazy\" decoding=\"async\" width=\"771\" height=\"1024\" src=\"http:\/\/jana-scheerer.de\/wp-content\/uploads\/2021\/04\/U1_978-3-96177-074-8_2D-1-771x1024.jpg\" alt=\"\" class=\"wp-image-411 size-full\" srcset=\"https:\/\/jana-scheerer.de\/wp-content\/uploads\/2021\/04\/U1_978-3-96177-074-8_2D-1-771x1024.jpg 771w, https:\/\/jana-scheerer.de\/wp-content\/uploads\/2021\/04\/U1_978-3-96177-074-8_2D-1-226x300.jpg 226w, https:\/\/jana-scheerer.de\/wp-content\/uploads\/2021\/04\/U1_978-3-96177-074-8_2D-1-768x1020.jpg 768w, https:\/\/jana-scheerer.de\/wp-content\/uploads\/2021\/04\/U1_978-3-96177-074-8_2D-1-1156x1536.jpg 1156w, https:\/\/jana-scheerer.de\/wp-content\/uploads\/2021\/04\/U1_978-3-96177-074-8_2D-1-1541x2048.jpg 1541w, https:\/\/jana-scheerer.de\/wp-content\/uploads\/2021\/04\/U1_978-3-96177-074-8_2D-1-45x60.jpg 45w, https:\/\/jana-scheerer.de\/wp-content\/uploads\/2021\/04\/U1_978-3-96177-074-8_2D-1.jpg 1813w\" sizes=\"(max-width: 771px) 100vw, 771px\" \/><\/figure><div class=\"wp-block-media-text__content\">\n<p><\/p>\n\n\n\n<p><\/p>\n\n\n\n<p><\/p>\n\n\n\n<p class=\"has-text-align-center\" style=\"font-size:21px\"><strong>Der dritte Fall der Detektei Donnerschlag<\/strong><\/p>\n\n\n\n<p class=\"has-drop-cap\">Einem Detektiv ist ja eigentlich nichts peinlich. Doch als Harald dazu ausgew\u00e4hlt wird, in einem Aal-Kost\u00fcm beim Humbuger Hafenumzug mitzufahren, stimmt er nur z\u00e4hneknirschend zu. Immerhin steht Wiebke als Aal-Prinzessin an seiner Seite. Und tats\u00e4chlich scheint es ein richtiger Gl\u00fccksfall zu sein, dass der Auftritt als Aalprinzenpaar sie nach Humbug f\u00fchrt. Denn dort warten gleich mehrere geheimnisvolle R\u00e4tsel auf die Detektei Donnerschlag: eine gestohlene Juwelenhand, ein untergetauchter Operns\u00e4nger und viele verschwundene Postpakete. Gemeinsam mit ihrer Kollegin Trix nehmen Harald und Wiebke die Ermittlungen auf.<\/p>\n\n\n\n<p>ab 9 Jahren<\/p>\n\n\n\n<p><a href=\"https:\/\/www.w1-media.de\/produkte\/gauner-sind-unser-geschaeft-bd-3-240921?verlag=woowbooks\" target=\"_blank\" rel=\"noreferrer noopener\">Wow Books 2021<\/a><\/p>\n\n\n\n<p><\/p>\n<\/div><\/div>\n\n\n\n<div style=\"height:100px\" aria-hidden=\"true\" class=\"wp-block-spacer\"><\/div>\n\n\n\n<div class=\"wp-block-media-text alignwide is-stacked-on-mobile\"><figure class=\"wp-block-media-text__media\"><img loading=\"lazy\" decoding=\"async\" width=\"771\" height=\"1024\" src=\"http:\/\/jana-scheerer.de\/wp-content\/uploads\/2020\/04\/U1_978-3-96177-062-5_2D-771x1024.jpg\" alt=\"\" class=\"wp-image-226 size-full\" srcset=\"https:\/\/jana-scheerer.de\/wp-content\/uploads\/2020\/04\/U1_978-3-96177-062-5_2D-771x1024.jpg 771w, https:\/\/jana-scheerer.de\/wp-content\/uploads\/2020\/04\/U1_978-3-96177-062-5_2D-226x300.jpg 226w, https:\/\/jana-scheerer.de\/wp-content\/uploads\/2020\/04\/U1_978-3-96177-062-5_2D-768x1020.jpg 768w, https:\/\/jana-scheerer.de\/wp-content\/uploads\/2020\/04\/U1_978-3-96177-062-5_2D-1156x1536.jpg 1156w, https:\/\/jana-scheerer.de\/wp-content\/uploads\/2020\/04\/U1_978-3-96177-062-5_2D-1541x2048.jpg 1541w, https:\/\/jana-scheerer.de\/wp-content\/uploads\/2020\/04\/U1_978-3-96177-062-5_2D-45x60.jpg 45w, https:\/\/jana-scheerer.de\/wp-content\/uploads\/2020\/04\/U1_978-3-96177-062-5_2D.jpg 1813w\" sizes=\"(max-width: 771px) 100vw, 771px\" \/><\/figure><div class=\"wp-block-media-text__content\">\n<p class=\"has-text-align-center\" style=\"font-size:21px\"> <strong>Der zweite Fall der Detektei Donnerschlag<\/strong><\/p>\n\n\n\n<p class=\"has-drop-cap has-text-align-left\">Spukt es&nbsp;hinter dem Deich? Eines Abends taucht dort eine geheimnisvolle gr\u00fcne Erscheinung auf \u2013 angeblich der Geist der Gr\u00fcnen Johanna, einer legend\u00e4ren Piratin aus dem&nbsp;Mittelalter.&nbsp;Getreu der Regel&nbsp;<em>Ein Detektiv gibt sich nicht mit \u00fcbersinnlichen Erkl\u00e4rungen zufrieden<\/em>, nimmt die Detektei Donnerschlag die Ermittlungen auf. Um die T\u00e4uschung zu entlarven und die Hintergr\u00fcnde aufzudecken, graben Harald, Wiebke und Trix tief in der Geschichte&nbsp;des&nbsp;kleinen Nordsee-St\u00e4dtchens&nbsp;Ruckelnsen&nbsp;und seiner Bewohner.&nbsp;Und finden heraus, dass nicht alles so ist, wie es scheint.<\/p>\n\n\n\n<p>ab 9 Jahren<\/p>\n\n\n\n<p><a rel=\"noreferrer noopener\" href=\"https:\/\/www.w1-media.de\/produkte\/geister-sind-unser-geschaeft-bd-2-6526?verlag=woowbooks\" target=\"_blank\">Wow Books 2020<\/a><\/p>\n\n\n\n<p class=\"has-text-align-center\">Ausgezeichnet mit dem <a href=\"https:\/\/www.das-syndikat.com\/9-news\/4560-preistraegerin-des-glauser-2021-in-der-kategorie-kinderkrimi.html\" target=\"_blank\" rel=\"noreferrer noopener\">Glauser Krimipreis 2021 in der Kategorie Kinderkrimi<\/a><\/p>\n<\/div><\/div>\n\n\n\n<div style=\"height:100px\" aria-hidden=\"true\" class=\"wp-block-spacer\"><\/div>\n\n\n\n<div class=\"wp-block-media-text alignwide is-stacked-on-mobile\"><figure class=\"wp-block-media-text__media\"><img loading=\"lazy\" decoding=\"async\" width=\"771\" height=\"1024\" src=\"http:\/\/jana-scheerer.de\/wp-content\/uploads\/2020\/04\/Gefahr-ist-unser-Gesch\u00e4ft-771x1024.jpg\" alt=\"\" class=\"wp-image-5 size-full\"\/><\/figure><div class=\"wp-block-media-text__content\">\n<p class=\"has-text-align-center\" style=\"font-size:21px\"><strong>Der erste Fall der Detektei Donnerschlag<\/strong><\/p>\n\n\n\n<p class=\"has-drop-cap\">Harald passt in sein kleines Nordsee-Kaff wie eine Chilischote auf eine Schwarzw\u00e4lder Kirschtorte. Schlie\u00dflich tr\u00e4umt er davon, ein echter Detektiv zu sein, aber leider gibt es hinter dem Deich rein gar nichts zu ermitteln. Das \u00e4ndert sich schlagartig, als das Schaf Schnucki M\u00e4cGaffin unter mysteri\u00f6sen Umst\u00e4nden verschwindet. Harald wittert seinen ersten richtigen Fall! Auch Wiebke, die Tochter der Sch\u00e4ferin, nimmt die Verfolgung des Schafes auf. Ihre Suche f\u00fchrt die beiden in den d\u00fcsteren und geheimnisvollen Gro\u00dfstadtdschungel. Als sie dort die clevere Privatermittlerin Trix kennenlernen, ist die Detektei Donnerschlag komplett \u2013 zum Gl\u00fcck! Denn der Fall ist kniffliger als gedacht, und nur gemeinsam k\u00f6nnen sie allen Gefahren furchtlos ins Auge schauen.<\/p>\n\n\n\n<p>ab 10 Jahren<\/p>\n\n\n\n<p><a href=\"https:\/\/www.w1-media.de\/produkte\/gefahr-ist-unser-geschaeft-5502?verlag=woowbooks\">Wow Books 2019<\/a><\/p>\n\n\n\n<p class=\"has-text-align-center\">Nominiert f\u00fcr den Glauser Krimipreis 2020 in der Kategorie Kinderbuch<\/p>\n<\/div><\/div>\n\n\n\n<div style=\"height:100px\" aria-hidden=\"true\" class=\"wp-block-spacer\"><\/div>\n\n\n\n<div class=\"wp-block-media-text alignwide is-stacked-on-mobile\"><figure class=\"wp-block-media-text__media\"><img loading=\"lazy\" decoding=\"async\" width=\"775\" height=\"1024\" src=\"http:\/\/jana-scheerer.de\/wp-content\/uploads\/2020\/04\/U1_978-3-96177-004-5_2D-775x1024.jpg\" alt=\"\" class=\"wp-image-268 size-full\" srcset=\"https:\/\/jana-scheerer.de\/wp-content\/uploads\/2020\/04\/U1_978-3-96177-004-5_2D-775x1024.jpg 775w, https:\/\/jana-scheerer.de\/wp-content\/uploads\/2020\/04\/U1_978-3-96177-004-5_2D-227x300.jpg 227w, https:\/\/jana-scheerer.de\/wp-content\/uploads\/2020\/04\/U1_978-3-96177-004-5_2D-768x1014.jpg 768w, https:\/\/jana-scheerer.de\/wp-content\/uploads\/2020\/04\/U1_978-3-96177-004-5_2D-1163x1536.jpg 1163w, https:\/\/jana-scheerer.de\/wp-content\/uploads\/2020\/04\/U1_978-3-96177-004-5_2D-1551x2048.jpg 1551w, https:\/\/jana-scheerer.de\/wp-content\/uploads\/2020\/04\/U1_978-3-96177-004-5_2D-45x60.jpg 45w, https:\/\/jana-scheerer.de\/wp-content\/uploads\/2020\/04\/U1_978-3-96177-004-5_2D.jpg 1842w\" sizes=\"(max-width: 775px) 100vw, 775px\" \/><\/figure><div class=\"wp-block-media-text__content\">\n<p class=\"has-text-align-center\" style=\"font-size:21px\"><strong>Als meine Unterhose vom Himmel fiel<\/strong><\/p>\n\n\n\n<p class=\"has-drop-cap\">Das kennt doch jeder: Man sitzt in der Schule, schnippt die Papierk\u00fcgelchen zur\u00fcck, mit denen man beworfen wurde, schaut, was die Lehrerin so alles an die Tafel schreibt \u2013 und pl\u00f6tzlich segelt eine karierte Unterhose von der Decke und landet sanft auf dem Lehrerpult. Kennt man nicht? Doch genau das passiert Robert! Wer konnte denn auch ahnen, dass die neueste Erfindung von seinem bestem Freund Pelle solche Auswirkungen hat? Die sollte n\u00e4mlich eigentlich f\u00fcr Ordnung sorgen \u2026<\/p>\n\n\n\n<p>ab 8 Jahren<\/p>\n\n\n\n<p><a href=\"https:\/\/www.w1-media.de\/produkte\/als-meine-unterhose-vom-himmel-fiel-495?verlag=woowbooks\" target=\"_blank\" rel=\"noreferrer noopener\">Wow Books 2017<\/a><\/p>\n\n\n\n<p class=\"has-text-align-center\"><a href=\"https:\/\/www.df-jugendliteraturpreis.eu\/shortlist\/2018\/429-jana-scheerer\" target=\"_blank\" rel=\"noreferrer noopener\">Nominiert f\u00fcr den Deutsch-Franz\u00f6sischen Jugendliteraturpreis 2018<\/a><\/p>\n<\/div><\/div>\n\n\n\n<div style=\"height:100px\" aria-hidden=\"true\" class=\"wp-block-spacer\"><\/div>\n\n\n\n<div class=\"wp-block-media-text alignwide is-stacked-on-mobile\"><figure class=\"wp-block-media-text__media\"><img loading=\"lazy\" decoding=\"async\" width=\"200\" height=\"304\" src=\"http:\/\/jana-scheerer.de\/wp-content\/uploads\/2020\/04\/Dinner-Club_20171012-1.jpg\" alt=\"\" class=\"wp-image-131 size-full\" srcset=\"https:\/\/jana-scheerer.de\/wp-content\/uploads\/2020\/04\/Dinner-Club_20171012-1.jpg 200w, https:\/\/jana-scheerer.de\/wp-content\/uploads\/2020\/04\/Dinner-Club_20171012-1-197x300.jpg 197w, https:\/\/jana-scheerer.de\/wp-content\/uploads\/2020\/04\/Dinner-Club_20171012-1-39x60.jpg 39w\" sizes=\"(max-width: 200px) 100vw, 200px\" \/><\/figure><div class=\"wp-block-media-text__content\">\n<p class=\"has-text-align-center\" style=\"font-size:21px\"><strong>Dinner Club<\/strong><\/p>\n\n\n\n<p class=\"has-drop-cap\">Bei Pia ist gerade richtig was los: Seit ihre Freundin Georgina die fixe Idee hatte, im Schulkeller ein Guerilla-Restaurant zu er\u00f6ffnen, ist sie schwer damit besch\u00e4ftigt, diese Aktion mit ihrer Videokamera festzuhalten und alles auf Youtube hochzuladen. Ihre anderen Freundinnen Anke, Paula und Jule sind am Anfang nicht sehr begeistert davon, den Kochl\u00f6ffel zu schwingen, aber als sich erste kulinarische Erfolge einstellen und Pia in der Gegenwart des Hausmeistersohnes nur noch Herzen sieht, scheint das Ganze eine Win-Win-Geschichte zu werden. Bis die fiese Valeska ihre Krallen ausf\u00e4hrt und droht, dem ganzen Projekt auf die Schliche zu kommen&#8230;<\/p>\n\n\n\n<p>ab 13 Jahren<\/p>\n\n\n\n<p><a href=\"https:\/\/www.oetinger.de\/buch\/dinner-club\/9783864300103\" target=\"_blank\" rel=\"noreferrer noopener\">Pink (Oetinger)  2013<\/a><\/p>\n<\/div><\/div>\n\n\n\n<p><\/p>\n","protected":false},"excerpt":{"rendered":"<p>Die F\u00e4lle aus den Akten der Detektei Donnerschlag als H\u00f6rbuch Der vierte Fall der Detektei Donnerschlag Der neuste Fall f\u00fchrt die Detektei Donnerschlag nach Venedig! Dort gehen in einer Karaoke-Bar namens \u203aDer Teufel mit den drei goldenen Haaren\u2039 geheimnisvolle Dinge vor sich. Ob der als &hellip; <\/p>\n","protected":false},"author":1,"featured_media":0,"parent":0,"menu_order":0,"comment_status":"closed","ping_status":"closed","template":"","meta":{"footnotes":"","_links_to":"","_links_to_target":""},"class_list":["post-103","page","type-page","status-publish","hentry"],"_links":{"self":[{"href":"https:\/\/jana-scheerer.de\/index.php?rest_route=\/wp\/v2\/pages\/103"}],"collection":[{"href":"https:\/\/jana-scheerer.de\/index.php?rest_route=\/wp\/v2\/pages"}],"about":[{"href":"https:\/\/jana-scheerer.de\/index.php?rest_route=\/wp\/v2\/types\/page"}],"author":[{"embeddable":true,"href":"https:\/\/jana-scheerer.de\/index.php?rest_route=\/wp\/v2\/users\/1"}],"replies":[{"embeddable":true,"href":"https:\/\/jana-scheerer.de\/index.php?rest_route=%2Fwp%2Fv2%2Fcomments&post=103"}],"version-history":[{"count":30,"href":"https:\/\/jana-scheerer.de\/index.php?rest_route=\/wp\/v2\/pages\/103\/revisions"}],"predecessor-version":[{"id":504,"href":"https:\/\/jana-scheerer.de\/index.php?rest_route=\/wp\/v2\/pages\/103\/revisions\/504"}],"wp:attachment":[{"href":"https:\/\/jana-scheerer.de\/index.php?rest_route=%2Fwp%2Fv2%2Fmedia&parent=103"}],"curies":[{"name":"wp","href":"https:\/\/api.w.org\/{rel}","templated":true}]}}